{"id":48280,"date":"2018-08-01T11:30:36","date_gmt":"2018-08-01T09:30:36","guid":{"rendered":"https:\/\/crosscomar.com\/teco-maritime-group\/"},"modified":"2025-11-18T12:28:55","modified_gmt":"2025-11-18T11:28:55","slug":"teco-maritime-group","status":"publish","type":"page","link":"https:\/\/crosscomar.com\/es\/teco-maritime-group\/","title":{"rendered":"TECO Maritime Group"},"content":{"rendered":"<p>[et_pb_section fb_built=\u00bb1&#8243; admin_label=\u00bbHero\u00bb _builder_version=\u00bb4.16&#8243; background_color=\u00bb#171b34&#8243; background_image=\u00bbhttps:\/\/crosscomar.com\/wp-content\/uploads\/background-texture.jpg\u00bb background_blend=\u00bbmultiply\u00bb custom_padding=\u00bb30px||4px|||\u00bb bottom_divider_height=\u00bb75px\u00bb hover_transition_speed_curve=\u00bbease-in-out\u00bb global_colors_info=\u00bb{}\u00bb][et_pb_row _builder_version=\u00bb4.16&#8243; background_size=\u00bbinitial\u00bb background_position=\u00bbtop_left\u00bb background_repeat=\u00bbrepeat\u00bb background_blend=\u00bbmultiply\u00bb custom_padding=\u00bb|||\u00bb animation_direction=\u00bbtop\u00bb global_colors_info=\u00bb{}\u00bb][et_pb_column type=\u00bb4_4&#8243; _builder_version=\u00bb4.16&#8243; custom_padding=\u00bb|||\u00bb global_colors_info=\u00bb{}\u00bb custom_padding__hover=\u00bb|||\u00bb][et_pb_text _builder_version=\u00bb4.16&#8243; text_font=\u00bb||||||||\u00bb header_font=\u00bbMontserrat|700||on|||||dotted\u00bb header_text_color=\u00bb#ffffff\u00bb header_font_size=\u00bb45px\u00bb header_line_height=\u00bb1.3em\u00bb background_size=\u00bbinitial\u00bb background_position=\u00bbtop_left\u00bb background_repeat=\u00bbrepeat\u00bb background_layout=\u00bbdark\u00bb custom_margin=\u00bb||14px|||\u00bb custom_padding=\u00bb||0px|||\u00bb header_font_size_last_edited=\u00bboff|desktop\u00bb locked=\u00bboff\u00bb global_colors_info=\u00bb{}\u00bb]<\/p>\n<h1>TECO MARITIME GROUP<\/h1>\n<p>[\/et_pb_text][et_pb_divider color=\u00bb#2d8149&#8243; divider_weight=\u00bb6px\u00bb disabled_on=\u00bbon|on|off%22&#8243; _builder_version=\u00bb4.16&#8243; max_width=\u00bb120px\u00bb animation_direction=\u00bbtop\u00bb global_colors_info=\u00bb{}\u00bb][\/et_pb_divider][\/et_pb_column][\/et_pb_row][\/et_pb_section][et_pb_section fb_built=\u00bb1&#8243; _builder_version=\u00bb4.16&#8243; global_colors_info=\u00bb{}\u00bb][et_pb_row _builder_version=\u00bb4.16&#8243; background_size=\u00bbinitial\u00bb background_position=\u00bbtop_left\u00bb background_repeat=\u00bbrepeat\u00bb animation_style=\u00bbzoom\u00bb animation_intensity_zoom=\u00bb20%\u00bb global_colors_info=\u00bb{}\u00bb][et_pb_column type=\u00bb4_4&#8243; _builder_version=\u00bb4.16&#8243; custom_padding=\u00bb|||\u00bb global_colors_info=\u00bb{}\u00bb custom_padding__hover=\u00bb|||\u00bb][et_pb_text _builder_version=\u00bb4.16&#8243; text_text_color=\u00bb#161b33&#8243; inline_fonts=\u00bbMontserrat\u00bb global_colors_info=\u00bb{}\u00bb]<\/p>\n<p><span style=\"font-size: large;\"><span style=\"font-family: Montserrat;\"><strong>TECO Maritime Group of Companies<\/strong> fue creado con la finalidad de ofrecer un servicio integral al cliente durante todas las etapas del proyecto naval.<\/span><\/span><\/p>\n<p><span style=\"font-size: large;\"><span style=\"font-family: Montserrat;\">El grupo est\u00e1 compuesto por las empresas <strong>TECO Solutions 2030<\/strong><span>,\u00a0<\/span><strong>TECO Chemicals<\/strong><span>,\u00a0<\/span><span><strong>TECO Electronics<\/strong><\/span><span>,\u00a0<\/span><span><strong>TECO Technologies,\u00a0<\/strong><\/span><strong>Blom Maritime<\/strong>\u00a0y <strong>Crosscomar<\/strong> contando cada una con mas de 25 a\u00f1os de experiencia en sus \u00e1mbitos espec\u00edficos de aplicaci\u00f3n en la industria marina.<\/span><\/span><\/p>\n<p><span style=\"font-size: large;\"><span style=\"font-family: Montserrat;\"> El principal objetivo del grupo es facilitar al cliente con la mayor eficiencia posible en todos los aspectos del sector naval: direccion de obra, proyecto de nuevas instalaciones y modificaciones, proyectos de conversi\u00f3n, reparaciones y etapas de mantenimiento. Todo ello ejecutado cumpliendo los m\u00e1ximos estandares de calidad, seguridad y medio ambiente en cada una de sus etapas<\/span>.<\/span><\/p>\n<p>[\/et_pb_text][et_pb_text _builder_version=\u00bb4.16&#8243; text_font=\u00bbMontserrat||||||||\u00bb text_text_color=\u00bb#161b33&#8243; text_font_size=\u00bb18px\u00bb global_colors_info=\u00bb{}\u00bb]<\/p>\n<p>Ofrecemos los siguientes servicios:<\/p>\n<ul>\n<li>Ingenier\u00eda de Dise\u00f1o (2D\/3D)<\/li>\n<li>Escaneo Laser y Modelizado 3D<\/li>\n<li>Documentaci\u00f3n SSCC<\/li>\n<li>Gesti\u00f3n de Proyectos y Calidad.<\/li>\n<li>Direcci\u00f3n de proyectos a pie de Obra.<\/li>\n<li>Instalaciones. Talleres de trabajo.\n<ul>\n<li>Recopilaci\u00f3n de materiales.<\/li>\n<li>Prefabricaci\u00f3n.<\/li>\n<li>Trabajos en taller.<\/li>\n<\/ul>\n<\/li>\n<li>Asistencia y Reparaci\u00f3n a bordo de buques ( Dique, a flote y navegando )\n<ul>\n<li>Estructurales<\/li>\n<li>Equipos y Servicios ( Commissioning and Mechanical Completion )<\/li>\n<li>Programas de mantenimiento ( Predictivo, preventivo y correctivo )<\/li>\n<li>Limpieza de Tanques. Qu\u00edmicos.<\/li>\n<li>Tratamientos de superficies ( Tanques ). Aplicaci\u00f3n de esquemas de pinturas.<\/li>\n<\/ul>\n<\/li>\n<li>Especialistas en sistemas avanzados de purificaci\u00f3n de aguas grises, procesado de productos org\u00e1nicos y basuras.<\/li>\n<li>Especialistas en el reacondicionado de sistemas de catalizado de gases de escapes ( Exhaust Gas Scrubbers ).<\/li>\n<li>Monitorizado web de sistemas del buque desde tierra.<\/li>\n<li>Sistemas el\u00e9ctricos y de automatizaci\u00f3n de control de procesos y monitorizaci\u00f3n.<\/li>\n<\/ul>\n<p><strong>TECO Maritime Group<\/strong>\u00a0tiene su oficina principal en Noruega\u00a0con delegacions en Espa\u00f1a, Dinamarca, Polonia, EEUU, Singapur, Africa Occidental\u00a0\u2013 Ghana y UEA \u2013 Dubai para garantizar la disponibilidad de nuestros servicios en todo el mundo.<\/p>\n<p>[\/et_pb_text][et_pb_image src=\u00bbhttps:\/\/crosscomar.com\/wp-content\/uploads\/maritime-map.jpg\u00bb align=\u00bbcenter\u00bb align_tablet=\u00bbcenter\u00bb align_phone=\u00bb\u00bb align_last_edited=\u00bbon|desktop\u00bb _builder_version=\u00bb4.16&#8243; global_colors_info=\u00bb{}\u00bb]&nbsp;<br \/>\n[\/et_pb_image][\/et_pb_column][\/et_pb_row][\/et_pb_section][et_pb_section fb_built=\u00bb1&#8243; _builder_version=\u00bb4.16&#8243; _module_preset=\u00bbdefault\u00bb background_color=\u00bb#171b34&#8243; min_height=\u00bb252px\u00bb custom_padding=\u00bb27px||0px|||\u00bb global_colors_info=\u00bb{}\u00bb][et_pb_row column_structure=\u00bb3_5,1_5,1_5&#8243; _builder_version=\u00bb4.16&#8243; _module_preset=\u00bbdefault\u00bb custom_margin=\u00bb|auto|-5px|auto||\u00bb global_colors_info=\u00bb{}\u00bb][et_pb_column type=\u00bb3_5&#8243; _builder_version=\u00bb4.16&#8243; _module_preset=\u00bbdefault\u00bb global_colors_info=\u00bb{}\u00bb][et_pb_text _builder_version=\u00bb4.16&#8243; _module_preset=\u00bbdefault\u00bb text_text_color=\u00bb#ffffff\u00bb text_font_size=\u00bb16px\u00bb header_3_font=\u00bb||||||||\u00bb header_3_text_color=\u00bb#ffffff\u00bb header_3_font_size=\u00bb20px\u00bb header_3_letter_spacing=\u00bb2px\u00bb global_colors_info=\u00bb{}\u00bb]<\/p>\n<h3><span style=\"color: #00ccff;\">Sobre Crosscomar<\/span><\/h3>\n<p>Empresa Internacional localizada en Algeciras.<br \/><span>Poseemos excelentes relaciones con empresas del sector naval.<br \/><\/span>Desarrollamos reparaciones de buques en fondeo, atracados, en muelle o navegando.<br \/>Nuestra experiencia cubre todo tipo de reparaciones y servicios navales.<\/p>\n<p>[\/et_pb_text][\/et_pb_column][et_pb_column type=\u00bb1_5&#8243; _builder_version=\u00bb4.16&#8243; _module_preset=\u00bbdefault\u00bb global_colors_info=\u00bb{}\u00bb][et_pb_text _builder_version=\u00bb4.16&#8243; _module_preset=\u00bbdefault\u00bb link_text_color=\u00bb#ffffff\u00bb link_font_size=\u00bb15px\u00bb link_letter_spacing=\u00bb1px\u00bb custom_margin=\u00bb|-38px|||false|false\u00bb custom_padding=\u00bb28px|0px|||false|false\u00bb global_colors_info=\u00bb{}\u00bb]<\/p>\n<ul class=\"custom-menu dividers-on show-arrow\">\n<li class=\"menu-item menu-item-type-post_type menu-item-object-page menu-item-15598 first\"><a href=\"https:\/\/crosscomar.com\/es\/servicios\/\">SERVICIOS<\/a><\/li>\n<li class=\"menu-item menu-item-type-post_type menu-item-object-page menu-item-15599\"><a href=\"https:\/\/crosscomar.com\/es\/trabajos-realizados\/\">TRABAJOS REALIZADOS<\/a><\/li>\n<li class=\"menu-item menu-item-type-post_type menu-item-object-page menu-item-15597\"><a href=\"https:\/\/crosscomar.com\/es\/nosotros\/\">NOSOTROS<\/a><\/li>\n<li class=\"menu-item menu-item-type-post_type menu-item-object-page menu-item-15189\"><a href=\"https:\/\/crosscomar.com\/es\/contacto\/\">CONTACTO<\/a><\/li>\n<\/ul>\n<p>[\/et_pb_text][\/et_pb_column][et_pb_column type=\u00bb1_5&#8243; _builder_version=\u00bb4.16&#8243; _module_preset=\u00bbdefault\u00bb global_colors_info=\u00bb{}\u00bb][et_pb_text _builder_version=\u00bb4.16&#8243; _module_preset=\u00bbdefault\u00bb text_font=\u00bbRoboto||||||||\u00bb text_text_color=\u00bb#ffffff\u00bb text_font_size=\u00bb16px\u00bb custom_padding=\u00bb36px||||false|false\u00bb global_colors_info=\u00bb{}\u00bb]<\/p>\n<p style=\"text-align: center;\"><a href=\"https:\/\/www.linkedin.com\/company\/crosscomar\"><img decoding=\"async\" src=\"https:\/\/crosscomar.com\/wp-content\/uploads\/Linkedin-logo-300x169.png\" width=\"52%\" height=\"53%\" alt=\"Follow us on LinkedIn\" class=\"wp-image-49029 alignnone size-medium\" \/><\/a><\/p>\n<p style=\"text-align: center;\"><a href=\"https:\/\/www.linkedin.com\/company\/crosscomar\" style=\"color: white\">Siguenos en LinkedIn<\/a><\/p>\n<p>[\/et_pb_text][\/et_pb_column][\/et_pb_row][\/et_pb_section][et_pb_section fb_built=\u00bb1&#8243; _builder_version=\u00bb4.16&#8243; background_color=\u00bb#ffffff\u00bb custom_margin=\u00bb|||\u00bb custom_padding=\u00bb0px||0px|\u00bb saved_tabs=\u00bball\u00bb global_colors_info=\u00bb{}\u00bb][et_pb_row _builder_version=\u00bb4.16&#8243; module_alignment=\u00bbcenter\u00bb custom_padding=\u00bb10px||10px|\u00bb global_colors_info=\u00bb{}\u00bb][et_pb_column type=\u00bb4_4&#8243; _builder_version=\u00bb4.16&#8243; custom_padding=\u00bb|||\u00bb global_colors_info=\u00bb{}\u00bb custom_padding__hover=\u00bb|||\u00bb][et_pb_text _builder_version=\u00bb4.27.4&#8243; text_font=\u00bbRoboto||||||||\u00bb text_text_color=\u00bb#171b34&#8243; text_font_size=\u00bb15px\u00bb text_orientation=\u00bbcenter\u00bb hover_enabled=\u00bb0&#8243; global_colors_info=\u00bb{}\u00bb sticky_enabled=\u00bb0&#8243;]<\/p>\n<p>Copyright \u00a9 1991-2025 CROSSCOMAR, S.L. Todos Los Derechos Reservados. Parte de TECO Maritime Group <a style=\"color: #171b34; text-decoration: underline;\" href=\"https:\/\/teco.no\">www.teco.no<\/a><\/p>\n<p>[\/et_pb_text][\/et_pb_column][\/et_pb_row][\/et_pb_section][et_pb_section fb_built=\u00bb1&#8243; fullwidth=\u00bbon\u00bb _builder_version=\u00bb4.16&#8243; _module_preset=\u00bbdefault\u00bb global_colors_info=\u00bb{}\u00bb][\/et_pb_section]<\/p>\n","protected":false},"excerpt":{"rendered":"<p>TECO MARITIME GROUPTECO Maritime Group of Companies fue creado con la finalidad de ofrecer un servicio integral al cliente durante todas las etapas del proyecto naval. El grupo est\u00e1 compuesto por las empresas TECO Solutions 2030,\u00a0TECO Chemicals,\u00a0TECO Electronics,\u00a0TECO Technologies,\u00a0Blom Maritime\u00a0y Crosscomar contando cada una con mas de 25 a\u00f1os de experiencia en sus \u00e1mbitos espec\u00edficos [&hellip;]<\/p>\n","protected":false},"author":1,"featured_media":0,"parent":0,"menu_order":0,"comment_status":"closed","ping_status":"closed","template":"","meta":{"_et_pb_use_builder":"on","_et_pb_old_content":"sdfdsf","_et_gb_content_width":"","footnotes":""},"class_list":["post-48280","page","type-page","status-publish","hentry"],"yoast_head":"<!-- This site is optimized with the Yoast SEO plugin v27.4 - https:\/\/yoast.com\/product\/yoast-seo-wordpress\/ -->\n<title>TECO Maritime Group - Crosscomar<\/title>\n<meta name=\"robots\" content=\"index, follow, max-snippet:-1, max-image-preview:large, max-video-preview:-1\" \/>\n<link rel=\"canonical\" href=\"https:\/\/crosscomar.com\/es\/teco-maritime-group\/\" \/>\n<meta property=\"og:locale\" content=\"es_ES\" \/>\n<meta property=\"og:type\" content=\"article\" \/>\n<meta property=\"og:title\" content=\"TECO Maritime Group - Crosscomar\" \/>\n<meta property=\"og:description\" content=\"TECO MARITIME GROUPTECO Maritime Group of Companies fue creado con la finalidad de ofrecer un servicio integral al cliente durante todas las etapas del proyecto naval. El grupo est\u00e1 compuesto por las empresas TECO Solutions 2030,\u00a0TECO Chemicals,\u00a0TECO Electronics,\u00a0TECO Technologies,\u00a0Blom Maritime\u00a0y Crosscomar contando cada una con mas de 25 a\u00f1os de experiencia en sus \u00e1mbitos espec\u00edficos [&hellip;]\" \/>\n<meta property=\"og:url\" content=\"https:\/\/crosscomar.com\/es\/teco-maritime-group\/\" \/>\n<meta property=\"og:site_name\" content=\"Crosscomar\" \/>\n<meta property=\"article:publisher\" content=\"https:\/\/www.facebook.com\/crosscomar\" \/>\n<meta property=\"article:modified_time\" content=\"2025-11-18T11:28:55+00:00\" \/>\n<meta property=\"og:image\" content=\"https:\/\/crosscomar.com\/wp-content\/uploads\/Linkedin-logo.png\" \/>\n\t<meta property=\"og:image:width\" content=\"650\" \/>\n\t<meta property=\"og:image:height\" content=\"366\" \/>\n\t<meta property=\"og:image:type\" content=\"image\/png\" \/>\n<meta name=\"twitter:card\" content=\"summary_large_image\" \/>\n<meta name=\"twitter:site\" content=\"@crosscomar\" \/>\n<meta name=\"twitter:label1\" content=\"Tiempo de lectura\" \/>\n\t<meta name=\"twitter:data1\" content=\"5 minutos\" \/>\n<script type=\"application\/ld+json\" class=\"yoast-schema-graph\">{\"@context\":\"https:\\\/\\\/schema.org\",\"@graph\":[{\"@type\":\"WebPage\",\"@id\":\"https:\\\/\\\/crosscomar.com\\\/es\\\/teco-maritime-group\\\/\",\"url\":\"https:\\\/\\\/crosscomar.com\\\/es\\\/teco-maritime-group\\\/\",\"name\":\"TECO Maritime Group - Crosscomar\",\"isPartOf\":{\"@id\":\"https:\\\/\\\/crosscomar.com\\\/es\\\/#website\"},\"primaryImageOfPage\":{\"@id\":\"https:\\\/\\\/crosscomar.com\\\/es\\\/teco-maritime-group\\\/#primaryimage\"},\"image\":{\"@id\":\"https:\\\/\\\/crosscomar.com\\\/es\\\/teco-maritime-group\\\/#primaryimage\"},\"thumbnailUrl\":\"https:\\\/\\\/crosscomar.com\\\/wp-content\\\/uploads\\\/Linkedin-logo-300x169.png\",\"datePublished\":\"2018-08-01T09:30:36+00:00\",\"dateModified\":\"2025-11-18T11:28:55+00:00\",\"breadcrumb\":{\"@id\":\"https:\\\/\\\/crosscomar.com\\\/es\\\/teco-maritime-group\\\/#breadcrumb\"},\"inLanguage\":\"es-ES\",\"potentialAction\":[{\"@type\":\"ReadAction\",\"target\":[\"https:\\\/\\\/crosscomar.com\\\/es\\\/teco-maritime-group\\\/\"]}]},{\"@type\":\"ImageObject\",\"inLanguage\":\"es-ES\",\"@id\":\"https:\\\/\\\/crosscomar.com\\\/es\\\/teco-maritime-group\\\/#primaryimage\",\"url\":\"https:\\\/\\\/crosscomar.com\\\/wp-content\\\/uploads\\\/Linkedin-logo-300x169.png\",\"contentUrl\":\"https:\\\/\\\/crosscomar.com\\\/wp-content\\\/uploads\\\/Linkedin-logo-300x169.png\"},{\"@type\":\"BreadcrumbList\",\"@id\":\"https:\\\/\\\/crosscomar.com\\\/es\\\/teco-maritime-group\\\/#breadcrumb\",\"itemListElement\":[{\"@type\":\"ListItem\",\"position\":1,\"name\":\"Home\",\"item\":\"https:\\\/\\\/crosscomar.com\\\/es\\\/\"},{\"@type\":\"ListItem\",\"position\":2,\"name\":\"TECO Maritime Group\"}]},{\"@type\":\"WebSite\",\"@id\":\"https:\\\/\\\/crosscomar.com\\\/es\\\/#website\",\"url\":\"https:\\\/\\\/crosscomar.com\\\/es\\\/\",\"name\":\"Crosscomar\",\"description\":\"Ship Repair &amp; Marine Services in Algeciras - SPAIN\",\"publisher\":{\"@id\":\"https:\\\/\\\/crosscomar.com\\\/es\\\/#organization\"},\"potentialAction\":[{\"@type\":\"SearchAction\",\"target\":{\"@type\":\"EntryPoint\",\"urlTemplate\":\"https:\\\/\\\/crosscomar.com\\\/es\\\/?s={search_term_string}\"},\"query-input\":{\"@type\":\"PropertyValueSpecification\",\"valueRequired\":true,\"valueName\":\"search_term_string\"}}],\"inLanguage\":\"es-ES\"},{\"@type\":\"Organization\",\"@id\":\"https:\\\/\\\/crosscomar.com\\\/es\\\/#organization\",\"name\":\"CROSSCOMAR\",\"alternateName\":\"CROSSCOMAR SHIP REPAIR SERVICES\",\"url\":\"https:\\\/\\\/crosscomar.com\\\/es\\\/\",\"logo\":{\"@type\":\"ImageObject\",\"inLanguage\":\"es-ES\",\"@id\":\"https:\\\/\\\/crosscomar.com\\\/es\\\/#\\\/schema\\\/logo\\\/image\\\/\",\"url\":\"https:\\\/\\\/crosscomar.com\\\/wp-content\\\/uploads\\\/crosscomar_logo.jpeg\",\"contentUrl\":\"https:\\\/\\\/crosscomar.com\\\/wp-content\\\/uploads\\\/crosscomar_logo.jpeg\",\"width\":200,\"height\":200,\"caption\":\"CROSSCOMAR\"},\"image\":{\"@id\":\"https:\\\/\\\/crosscomar.com\\\/es\\\/#\\\/schema\\\/logo\\\/image\\\/\"},\"sameAs\":[\"https:\\\/\\\/www.facebook.com\\\/crosscomar\",\"https:\\\/\\\/x.com\\\/crosscomar\",\"https:\\\/\\\/www.youtube.com\\\/gocrosscomar\",\"https:\\\/\\\/es.linkedin.com\\\/company\\\/crosscomar\"]}]}<\/script>\n<!-- \/ Yoast SEO plugin. -->","yoast_head_json":{"title":"TECO Maritime Group - Crosscomar","robots":{"index":"index","follow":"follow","max-snippet":"max-snippet:-1","max-image-preview":"max-image-preview:large","max-video-preview":"max-video-preview:-1"},"canonical":"https:\/\/crosscomar.com\/es\/teco-maritime-group\/","og_locale":"es_ES","og_type":"article","og_title":"TECO Maritime Group - Crosscomar","og_description":"TECO MARITIME GROUPTECO Maritime Group of Companies fue creado con la finalidad de ofrecer un servicio integral al cliente durante todas las etapas del proyecto naval. El grupo est\u00e1 compuesto por las empresas TECO Solutions 2030,\u00a0TECO Chemicals,\u00a0TECO Electronics,\u00a0TECO Technologies,\u00a0Blom Maritime\u00a0y Crosscomar contando cada una con mas de 25 a\u00f1os de experiencia en sus \u00e1mbitos espec\u00edficos [&hellip;]","og_url":"https:\/\/crosscomar.com\/es\/teco-maritime-group\/","og_site_name":"Crosscomar","article_publisher":"https:\/\/www.facebook.com\/crosscomar","article_modified_time":"2025-11-18T11:28:55+00:00","og_image":[{"width":650,"height":366,"url":"https:\/\/crosscomar.com\/wp-content\/uploads\/Linkedin-logo.png","type":"image\/png"}],"twitter_card":"summary_large_image","twitter_site":"@crosscomar","twitter_misc":{"Tiempo de lectura":"5 minutos"},"schema":{"@context":"https:\/\/schema.org","@graph":[{"@type":"WebPage","@id":"https:\/\/crosscomar.com\/es\/teco-maritime-group\/","url":"https:\/\/crosscomar.com\/es\/teco-maritime-group\/","name":"TECO Maritime Group - Crosscomar","isPartOf":{"@id":"https:\/\/crosscomar.com\/es\/#website"},"primaryImageOfPage":{"@id":"https:\/\/crosscomar.com\/es\/teco-maritime-group\/#primaryimage"},"image":{"@id":"https:\/\/crosscomar.com\/es\/teco-maritime-group\/#primaryimage"},"thumbnailUrl":"https:\/\/crosscomar.com\/wp-content\/uploads\/Linkedin-logo-300x169.png","datePublished":"2018-08-01T09:30:36+00:00","dateModified":"2025-11-18T11:28:55+00:00","breadcrumb":{"@id":"https:\/\/crosscomar.com\/es\/teco-maritime-group\/#breadcrumb"},"inLanguage":"es-ES","potentialAction":[{"@type":"ReadAction","target":["https:\/\/crosscomar.com\/es\/teco-maritime-group\/"]}]},{"@type":"ImageObject","inLanguage":"es-ES","@id":"https:\/\/crosscomar.com\/es\/teco-maritime-group\/#primaryimage","url":"https:\/\/crosscomar.com\/wp-content\/uploads\/Linkedin-logo-300x169.png","contentUrl":"https:\/\/crosscomar.com\/wp-content\/uploads\/Linkedin-logo-300x169.png"},{"@type":"BreadcrumbList","@id":"https:\/\/crosscomar.com\/es\/teco-maritime-group\/#breadcrumb","itemListElement":[{"@type":"ListItem","position":1,"name":"Home","item":"https:\/\/crosscomar.com\/es\/"},{"@type":"ListItem","position":2,"name":"TECO Maritime Group"}]},{"@type":"WebSite","@id":"https:\/\/crosscomar.com\/es\/#website","url":"https:\/\/crosscomar.com\/es\/","name":"Crosscomar","description":"Ship Repair &amp; Marine Services in Algeciras - SPAIN","publisher":{"@id":"https:\/\/crosscomar.com\/es\/#organization"},"potentialAction":[{"@type":"SearchAction","target":{"@type":"EntryPoint","urlTemplate":"https:\/\/crosscomar.com\/es\/?s={search_term_string}"},"query-input":{"@type":"PropertyValueSpecification","valueRequired":true,"valueName":"search_term_string"}}],"inLanguage":"es-ES"},{"@type":"Organization","@id":"https:\/\/crosscomar.com\/es\/#organization","name":"CROSSCOMAR","alternateName":"CROSSCOMAR SHIP REPAIR SERVICES","url":"https:\/\/crosscomar.com\/es\/","logo":{"@type":"ImageObject","inLanguage":"es-ES","@id":"https:\/\/crosscomar.com\/es\/#\/schema\/logo\/image\/","url":"https:\/\/crosscomar.com\/wp-content\/uploads\/crosscomar_logo.jpeg","contentUrl":"https:\/\/crosscomar.com\/wp-content\/uploads\/crosscomar_logo.jpeg","width":200,"height":200,"caption":"CROSSCOMAR"},"image":{"@id":"https:\/\/crosscomar.com\/es\/#\/schema\/logo\/image\/"},"sameAs":["https:\/\/www.facebook.com\/crosscomar","https:\/\/x.com\/crosscomar","https:\/\/www.youtube.com\/gocrosscomar","https:\/\/es.linkedin.com\/company\/crosscomar"]}]}},"_links":{"self":[{"href":"https:\/\/crosscomar.com\/es\/wp-json\/wp\/v2\/pages\/48280","targetHints":{"allow":["GET"]}}],"collection":[{"href":"https:\/\/crosscomar.com\/es\/wp-json\/wp\/v2\/pages"}],"about":[{"href":"https:\/\/crosscomar.com\/es\/wp-json\/wp\/v2\/types\/page"}],"author":[{"embeddable":true,"href":"https:\/\/crosscomar.com\/es\/wp-json\/wp\/v2\/users\/1"}],"replies":[{"embeddable":true,"href":"https:\/\/crosscomar.com\/es\/wp-json\/wp\/v2\/comments?post=48280"}],"version-history":[{"count":16,"href":"https:\/\/crosscomar.com\/es\/wp-json\/wp\/v2\/pages\/48280\/revisions"}],"predecessor-version":[{"id":49624,"href":"https:\/\/crosscomar.com\/es\/wp-json\/wp\/v2\/pages\/48280\/revisions\/49624"}],"wp:attachment":[{"href":"https:\/\/crosscomar.com\/es\/wp-json\/wp\/v2\/media?parent=48280"}],"curies":[{"name":"wp","href":"https:\/\/api.w.org\/{rel}","templated":true}]}}