{"id":49680,"date":"2025-11-18T12:21:24","date_gmt":"2025-11-18T11:21:24","guid":{"rendered":"https:\/\/crosscomar.com\/gibraltar\/"},"modified":"2025-11-18T12:28:55","modified_gmt":"2025-11-18T11:28:55","slug":"gibraltar","status":"publish","type":"page","link":"https:\/\/crosscomar.com\/es\/gibraltar\/","title":{"rendered":"Gibraltar"},"content":{"rendered":"<p>[et_pb_section fb_built=\u00bb1&#8243; admin_label=\u00bbPage Header\u00bb _builder_version=\u00bb4.16&#8243; background_color=\u00bb#171b34&#8243; background_image=\u00bbhttps:\/\/crosscomar.com\/wp-content\/uploads\/background-texture.jpg\u00bb background_blend=\u00bbmultiply\u00bb custom_padding=\u00bb30px||13px|||\u00bb bottom_divider_height=\u00bb75px\u00bb global_colors_info=\u00bb{}\u00bb][et_pb_row _builder_version=\u00bb4.16&#8243; background_size=\u00bbinitial\u00bb background_position=\u00bbtop_left\u00bb background_repeat=\u00bbrepeat\u00bb background_blend=\u00bbmultiply\u00bb custom_padding=\u00bb27px|0px|27px|25px\u00bb animation_style=\u00bbslide\u00bb animation_direction=\u00bbtop\u00bb animation_intensity_slide=\u00bb3%\u00bb global_colors_info=\u00bb{}\u00bb][et_pb_column type=\u00bb4_4&#8243; _builder_version=\u00bb4.16&#8243; custom_padding=\u00bb|||\u00bb global_colors_info=\u00bb{}\u00bb custom_padding__hover=\u00bb|||\u00bb][et_pb_text _builder_version=\u00bb4.16&#8243; text_font=\u00bb||||||||\u00bb header_font=\u00bbMontserrat|700||on|||||dotted\u00bb header_text_color=\u00bb#ffffff\u00bb header_font_size=\u00bb45px\u00bb header_line_height=\u00bb1.3em\u00bb background_size=\u00bbinitial\u00bb background_position=\u00bbtop_left\u00bb background_repeat=\u00bbrepeat\u00bb custom_margin=\u00bb||11px|||\u00bb animation_style=\u00bbfade\u00bb header_font_size_last_edited=\u00bboff|desktop\u00bb locked=\u00bboff\u00bb global_colors_info=\u00bb{}\u00bb]<\/p>\n<h1>SERVICIOS EN GIBRALTAR<\/h1>\n<p>[\/et_pb_text][et_pb_divider color=\u00bb#6480fc\u00bb divider_weight=\u00bb6px\u00bb disabled_on=\u00bbon|on|off\u00bb _builder_version=\u00bb4.16&#8243; max_width=\u00bb120px\u00bb animation_style=\u00bbslide\u00bb animation_direction=\u00bbtop\u00bb animation_intensity_slide=\u00bb30%\u00bb global_colors_info=\u00bb{}\u00bb][\/et_pb_divider][\/et_pb_column][\/et_pb_row][\/et_pb_section][et_pb_section fb_built=\u00bb1&#8243; fullwidth=\u00bbon\u00bb disabled_on=\u00bboff|off|off\u00bb _builder_version=\u00bb4.27.4&#8243; _module_preset=\u00bbdefault\u00bb global_colors_info=\u00bb{}\u00bb][et_pb_fullwidth_image src=\u00bbhttps:\/\/crosscomar.com\/wp-content\/uploads\/gibraltar-scaled.jpg\u00bb alt=\u00bbgibraltar\u00bb title_text=\u00bbgibraltar\u00bb _builder_version=\u00bb4.27.4&#8243; _module_preset=\u00bbdefault\u00bb global_colors_info=\u00bb{}\u00bb][\/et_pb_fullwidth_image][\/et_pb_section][et_pb_section fb_built=\u00bb1&#8243; disabled_on=\u00bbon|on|off\u00bb _builder_version=\u00bb4.27.4&#8243; _module_preset=\u00bbdefault\u00bb background_color=\u00bb#0b0d35&#8243; min_height=\u00bb209px\u00bb custom_margin=\u00bb||-20px|||\u00bb custom_padding=\u00bb6px||21px|||\u00bb global_colors_info=\u00bb{}\u00bb][et_pb_row column_structure=\u00bb1_2,1_2&#8243; _builder_version=\u00bb4.27.4&#8243; _module_preset=\u00bbdefault\u00bb custom_padding=\u00bb1px||0px|||\u00bb global_colors_info=\u00bb{}\u00bb][et_pb_column type=\u00bb1_2&#8243; _builder_version=\u00bb4.27.4&#8243; _module_preset=\u00bbdefault\u00bb global_colors_info=\u00bb{}\u00bb][et_pb_image src=\u00bbhttps:\/\/crosscomar.com\/wp-content\/uploads\/g-logo.png\u00bb title_text=\u00bbg-logo\u00bb _builder_version=\u00bb4.27.4&#8243; _module_preset=\u00bbdefault\u00bb width=\u00bb85%\u00bb max_width=\u00bb85%\u00bb min_height=\u00bb181.2px\u00bb global_colors_info=\u00bb{}\u00bb][\/et_pb_image][\/et_pb_column][et_pb_column type=\u00bb1_2&#8243; _builder_version=\u00bb4.27.4&#8243; _module_preset=\u00bbdefault\u00bb global_colors_info=\u00bb{}\u00bb][et_pb_image src=\u00bbhttps:\/\/crosscomar.com\/wp-content\/uploads\/co-logo.png\u00bb title_text=\u00bbco-logo\u00bb _builder_version=\u00bb4.27.4&#8243; _module_preset=\u00bbdefault\u00bb global_colors_info=\u00bb{}\u00bb][\/et_pb_image][\/et_pb_column][\/et_pb_row][\/et_pb_section][et_pb_section fb_built=\u00bb1&#8243; disabled_on=\u00bbon|on|off\u00bb _builder_version=\u00bb4.27.4&#8243; custom_padding=\u00bb18px||0px|||\u00bb global_colors_info=\u00bb{}\u00bb][et_pb_row _builder_version=\u00bb4.27.4&#8243; _module_preset=\u00bbdefault\u00bb min_height=\u00bb321.6px\u00bb global_colors_info=\u00bb{}\u00bb][et_pb_column type=\u00bb4_4&#8243; _builder_version=\u00bb4.27.4&#8243; _module_preset=\u00bbdefault\u00bb global_colors_info=\u00bb{}\u00bb][et_pb_text _builder_version=\u00bb4.27.4&#8243; _module_preset=\u00bbdefault\u00bb text_font_size=\u00bb20px\u00bb global_colors_info=\u00bb{}\u00bb]<\/p>\n<p style=\"text-align: justify;\">Nos complace anunciar que CROSSCOMAR ha alcanzado un acuerdo de colaboraci\u00f3n con GLOBAL, una empresa local de Gibraltar, fortaleciendo as\u00ed nuestra presencia en uno de los centros mar\u00edtimos m\u00e1s importantes del Mediterr\u00e1neo.<\/p>\n<p style=\"text-align: justify;\">Gracias a esta colaboraci\u00f3n, podemos ofrecer a nuestros clientes servicios de reparaci\u00f3n naval en Gibraltar, manteniendo la misma calidad, rapidez y compromiso que nos caracterizan.<\/p>\n<p style=\"text-align: justify;\">Este acuerdo nos permite ampliar nuestra cobertura internacional, proporcionando soluciones t\u00e9cnicas fiables y un apoyo cercano a todos los buques que recalan en Gibraltar.<\/p>\n<p style=\"text-align: justify;\">En CROSSCOMAR, seguimos avanzando para estar donde nuestros clientes m\u00e1s nos necesitan.<\/p>\n<p>[\/et_pb_text][\/et_pb_column][\/et_pb_row][\/et_pb_section][et_pb_section fb_built=\u00bb1&#8243; disabled_on=\u00bboff|off|on\u00bb _builder_version=\u00bb4.27.4&#8243; _module_preset=\u00bbdefault\u00bb custom_padding=\u00bb0px||6px|||\u00bb global_colors_info=\u00bb{}\u00bb][et_pb_row _builder_version=\u00bb4.27.4&#8243; _module_preset=\u00bbdefault\u00bb global_colors_info=\u00bb{}\u00bb][et_pb_column type=\u00bb4_4&#8243; _builder_version=\u00bb4.27.4&#8243; _module_preset=\u00bbdefault\u00bb global_colors_info=\u00bb{}\u00bb][et_pb_text _builder_version=\u00bb4.27.4&#8243; _module_preset=\u00bbdefault\u00bb text_font_size=\u00bb16px\u00bb hover_enabled=\u00bb0&#8243; global_colors_info=\u00bb{}\u00bb sticky_enabled=\u00bb0&#8243;]<\/p>\n<p style=\"text-align: justify;\">Nos complace anunciar que CROSSCOMAR ha alcanzado un acuerdo de colaboraci\u00f3n con GLOBAL, una empresa local de Gibraltar, fortaleciendo as\u00ed nuestra presencia en uno de los centros mar\u00edtimos m\u00e1s importantes del Mediterr\u00e1neo.<\/p>\n<p style=\"text-align: justify;\">Gracias a esta colaboraci\u00f3n, podemos ofrecer a nuestros clientes servicios de reparaci\u00f3n naval en Gibraltar, manteniendo la misma calidad, rapidez y compromiso que nos caracterizan.<\/p>\n<p style=\"text-align: justify;\">Este acuerdo nos permite ampliar nuestra cobertura internacional, proporcionando soluciones t\u00e9cnicas fiables y un apoyo cercano a todos los buques que recalan en Gibraltar.<\/p>\n<p style=\"text-align: justify;\">En CROSSCOMAR, seguimos avanzando para estar donde nuestros clientes m\u00e1s nos necesitan.<\/p>\n<p>[\/et_pb_text][\/et_pb_column][\/et_pb_row][\/et_pb_section][et_pb_section fb_built=\u00bb1&#8243; _builder_version=\u00bb4.7.4&#8243; _module_preset=\u00bbdefault\u00bb background_color=\u00bb#171b34&#8243; min_height=\u00bb252px\u00bb custom_padding=\u00bb27px||0px|||\u00bb global_module=\u00bb49141&#8243; saved_tabs=\u00bball\u00bb global_colors_info=\u00bb{}\u00bb][et_pb_row column_structure=\u00bb3_5,1_5,1_5&#8243; _builder_version=\u00bb4.16&#8243; _module_preset=\u00bbdefault\u00bb custom_margin=\u00bb|auto|-5px|auto||\u00bb global_colors_info=\u00bb{}\u00bb][et_pb_column type=\u00bb3_5&#8243; _builder_version=\u00bb4.16&#8243; _module_preset=\u00bbdefault\u00bb global_colors_info=\u00bb{}\u00bb][et_pb_text _builder_version=\u00bb4.16&#8243; _module_preset=\u00bbdefault\u00bb text_text_color=\u00bb#ffffff\u00bb text_font_size=\u00bb16px\u00bb header_3_font=\u00bb||||||||\u00bb header_3_text_color=\u00bb#ffffff\u00bb header_3_font_size=\u00bb20px\u00bb header_3_letter_spacing=\u00bb2px\u00bb global_colors_info=\u00bb{}\u00bb]<\/p>\n<h3><span style=\"color: #00ccff;\">Acerca de Crosscomar<\/span><\/h3>\n<p>Empresa de gesti\u00f3n internacional ubicada en Algeciras.<br \/>Contamos con excelentes colaboraciones con talleres, astilleros y proveedores locales.<br \/>Realizamos reparaciones de buques fondeados, en muelle, en dique o en navegaci\u00f3n.<br \/>Nuestra experiencia abarca todo tipo de reparaciones navales.<\/p>\n<p>[\/et_pb_text][\/et_pb_column][et_pb_column type=\u00bb1_5&#8243; _builder_version=\u00bb4.16&#8243; _module_preset=\u00bbdefault\u00bb global_colors_info=\u00bb{}\u00bb][et_pb_text _builder_version=\u00bb4.16&#8243; _module_preset=\u00bbdefault\u00bb link_text_color=\u00bb#ffffff\u00bb link_font_size=\u00bb15px\u00bb link_letter_spacing=\u00bb1px\u00bb custom_margin=\u00bb||||false|false\u00bb custom_padding=\u00bb28px||||false|false\u00bb global_colors_info=\u00bb{}\u00bb]<\/p>\n<ul class=\"custom-menu dividers-on show-arrow\">\n<li class=\"menu-item menu-item-type-post_type menu-item-object-page menu-item-15598 first\"><a href=\"https:\/\/crosscomar.com\/es\/servicios\/\">SERVICIOS<\/a><\/li>\n<li class=\"menu-item menu-item-type-post_type menu-item-object-page menu-item-15599\"><a href=\"https:\/\/crosscomar.com\/es\/trabajos-realizados\/\">TRABAJOS REALIZADOS<\/a><\/li>\n<li class=\"menu-item menu-item-type-post_type menu-item-object-page menu-item-15597\"><a href=\"https:\/\/crosscomar.com\/es\/nosotros\/\">SOBRE NOSOTROS<\/a><\/li>\n<li class=\"menu-item menu-item-type-post_type menu-item-object-page menu-item-15189\"><a href=\"https:\/\/crosscomar.com\/es\/contacto\/\">CONTACTO<\/a><\/li>\n<\/ul>\n<p>[\/et_pb_text][\/et_pb_column][et_pb_column type=\u00bb1_5&#8243; _builder_version=\u00bb4.16&#8243; _module_preset=\u00bbdefault\u00bb global_colors_info=\u00bb{}\u00bb][et_pb_text _builder_version=\u00bb4.24.0&#8243; _module_preset=\u00bbdefault\u00bb text_font=\u00bbRoboto||||||||\u00bb text_text_color=\u00bb#ffffff\u00bb text_font_size=\u00bb16px\u00bb custom_padding=\u00bb36px||||false|false\u00bb global_colors_info=\u00bb{}\u00bb]<\/p>\n<p style=\"text-align: center;\"><a href=\"https:\/\/www.linkedin.com\/company\/crosscomar\"><img decoding=\"async\" src=\"https:\/\/crosscomar.com\/wp-content\/uploads\/Linkedin-logo-300x169.png\" width=\"52%\" height=\"53%\" alt=\"S\u00edguenos en LinkedIn\" class=\"wp-image-49029 alignnone size-medium\"><\/a><\/p>\n<p style=\"text-align: center;\"><a href=\"https:\/\/www.linkedin.com\/company\/crosscomar\" style=\"color: white;\">S\u00edguenos en LinkedIn<\/a><\/p>\n<p>[\/et_pb_text][\/et_pb_column][\/et_pb_row][et_pb_row _builder_version=\u00bb4.18.1&#8243; _module_preset=\u00bbdefault\u00bb custom_padding=\u00bb0px||||false|false\u00bb global_colors_info=\u00bb{}\u00bb][et_pb_column type=\u00bb4_4&#8243; _builder_version=\u00bb4.18.1&#8243; _module_preset=\u00bbdefault\u00bb global_colors_info=\u00bb{}\u00bb][et_pb_text _builder_version=\u00bb4.25.2&#8243; _module_preset=\u00bbdefault\u00bb text_orientation=\u00bbcenter\u00bb global_colors_info=\u00bb{}\u00bb]<a href=\"https:\/\/crosscomar.com\/es\/aviso-legal\/\">LEGAL<\/a> | <a href=\"https:\/\/crosscomar.com\/es\/politica-privacidad\/\">POL\u00cdTICA DE PRIVACIDAD<\/a> | <a href=\"https:\/\/crosscomar.com\/es\/politica-cookies\/\">POL\u00cdTICA DE COOKIES<\/a>[\/et_pb_text][\/et_pb_column][\/et_pb_row][\/et_pb_section][et_pb_section fb_built=\u00bb1&#8243; _builder_version=\u00bb4.7.4&#8243; background_color=\u00bb#ffffff\u00bb custom_margin=\u00bb|||\u00bb custom_padding=\u00bb0px||0px|\u00bb global_module=\u00bb49147&#8243; saved_tabs=\u00bball\u00bb global_colors_info=\u00bb{}\u00bb][et_pb_row _builder_version=\u00bb4.16&#8243; module_alignment=\u00bbcenter\u00bb custom_padding=\u00bb10px||10px|\u00bb global_colors_info=\u00bb{}\u00bb][et_pb_column type=\u00bb4_4&#8243; _builder_version=\u00bb4.16&#8243; custom_padding=\u00bb|||\u00bb global_colors_info=\u00bb{}\u00bb custom_padding__hover=\u00bb|||\u00bb][et_pb_text _builder_version=\u00bb4.27.4&#8243; text_font=\u00bbRoboto||||||||\u00bb text_text_color=\u00bb#171b34&#8243; text_font_size=\u00bb15px\u00bb text_orientation=\u00bbcenter\u00bb global_colors_info=\u00bb{}\u00bb]<\/p>\n<p>Copyright \u00a9 1991-2025 CROSSCOMAR, S.A. All Rights Reserved. Parte del Grupo Mar\u00edtimo TECO <a href=\"https:\/\/teco.no\" style=\"color: #171b34; text-decoration: underline;\">www.teco.no<\/a><\/p>\n<p>[\/et_pb_text][\/et_pb_column][\/et_pb_row][\/et_pb_section]<\/p>\n","protected":false},"excerpt":{"rendered":"<p>Gracias a esta alianza, podemos ofrecer a nuestros clientes servicios de reparaci\u00f3n naval en Gibraltar, manteniendo la misma calidad, rapidez y compromiso que nos caracterizan.<\/p>\n","protected":false},"author":1,"featured_media":0,"parent":0,"menu_order":0,"comment_status":"closed","ping_status":"closed","template":"","meta":{"_et_pb_use_builder":"on","_et_pb_old_content":"","_et_gb_content_width":"","footnotes":""},"class_list":["post-49680","page","type-page","status-publish","hentry"],"yoast_head":"<!-- This site is optimized with the Yoast SEO plugin v27.3 - https:\/\/yoast.com\/product\/yoast-seo-wordpress\/ -->\n<title>Gibraltar - Crosscomar<\/title>\n<meta name=\"robots\" content=\"index, follow, max-snippet:-1, max-image-preview:large, max-video-preview:-1\" \/>\n<link rel=\"canonical\" href=\"https:\/\/crosscomar.com\/es\/gibraltar\/\" \/>\n<meta property=\"og:locale\" content=\"es_ES\" \/>\n<meta property=\"og:type\" content=\"article\" \/>\n<meta property=\"og:title\" content=\"Gibraltar - Crosscomar\" \/>\n<meta property=\"og:description\" content=\"Gracias a esta alianza, podemos ofrecer a nuestros clientes servicios de reparaci\u00f3n naval en Gibraltar, manteniendo la misma calidad, rapidez y compromiso que nos caracterizan.\" \/>\n<meta property=\"og:url\" content=\"https:\/\/crosscomar.com\/es\/gibraltar\/\" \/>\n<meta property=\"og:site_name\" content=\"Crosscomar\" \/>\n<meta property=\"article:publisher\" content=\"https:\/\/www.facebook.com\/crosscomar\" \/>\n<meta property=\"article:modified_time\" content=\"2025-11-18T11:28:55+00:00\" \/>\n<meta property=\"og:image\" content=\"https:\/\/crosscomar.com\/wp-content\/uploads\/Linkedin-logo.png\" \/>\n\t<meta property=\"og:image:width\" content=\"650\" \/>\n\t<meta property=\"og:image:height\" content=\"366\" \/>\n\t<meta property=\"og:image:type\" content=\"image\/png\" \/>\n<meta name=\"twitter:card\" content=\"summary_large_image\" \/>\n<meta name=\"twitter:site\" content=\"@crosscomar\" \/>\n<meta name=\"twitter:label1\" content=\"Tiempo de lectura\" \/>\n\t<meta name=\"twitter:data1\" content=\"6 minutos\" \/>\n<script type=\"application\/ld+json\" class=\"yoast-schema-graph\">{\"@context\":\"https:\\\/\\\/schema.org\",\"@graph\":[{\"@type\":\"WebPage\",\"@id\":\"https:\\\/\\\/crosscomar.com\\\/es\\\/gibraltar\\\/\",\"url\":\"https:\\\/\\\/crosscomar.com\\\/es\\\/gibraltar\\\/\",\"name\":\"Gibraltar - Crosscomar\",\"isPartOf\":{\"@id\":\"https:\\\/\\\/crosscomar.com\\\/es\\\/#website\"},\"primaryImageOfPage\":{\"@id\":\"https:\\\/\\\/crosscomar.com\\\/es\\\/gibraltar\\\/#primaryimage\"},\"image\":{\"@id\":\"https:\\\/\\\/crosscomar.com\\\/es\\\/gibraltar\\\/#primaryimage\"},\"thumbnailUrl\":\"https:\\\/\\\/crosscomar.com\\\/wp-content\\\/uploads\\\/Linkedin-logo-300x169.png\",\"datePublished\":\"2025-11-18T11:21:24+00:00\",\"dateModified\":\"2025-11-18T11:28:55+00:00\",\"breadcrumb\":{\"@id\":\"https:\\\/\\\/crosscomar.com\\\/es\\\/gibraltar\\\/#breadcrumb\"},\"inLanguage\":\"es-ES\",\"potentialAction\":[{\"@type\":\"ReadAction\",\"target\":[\"https:\\\/\\\/crosscomar.com\\\/es\\\/gibraltar\\\/\"]}]},{\"@type\":\"ImageObject\",\"inLanguage\":\"es-ES\",\"@id\":\"https:\\\/\\\/crosscomar.com\\\/es\\\/gibraltar\\\/#primaryimage\",\"url\":\"https:\\\/\\\/crosscomar.com\\\/wp-content\\\/uploads\\\/Linkedin-logo-300x169.png\",\"contentUrl\":\"https:\\\/\\\/crosscomar.com\\\/wp-content\\\/uploads\\\/Linkedin-logo-300x169.png\"},{\"@type\":\"BreadcrumbList\",\"@id\":\"https:\\\/\\\/crosscomar.com\\\/es\\\/gibraltar\\\/#breadcrumb\",\"itemListElement\":[{\"@type\":\"ListItem\",\"position\":1,\"name\":\"Home\",\"item\":\"https:\\\/\\\/crosscomar.com\\\/es\\\/\"},{\"@type\":\"ListItem\",\"position\":2,\"name\":\"Gibraltar\"}]},{\"@type\":\"WebSite\",\"@id\":\"https:\\\/\\\/crosscomar.com\\\/es\\\/#website\",\"url\":\"https:\\\/\\\/crosscomar.com\\\/es\\\/\",\"name\":\"Crosscomar\",\"description\":\"Ship Repair &amp; Marine Services in Algeciras - SPAIN\",\"publisher\":{\"@id\":\"https:\\\/\\\/crosscomar.com\\\/es\\\/#organization\"},\"potentialAction\":[{\"@type\":\"SearchAction\",\"target\":{\"@type\":\"EntryPoint\",\"urlTemplate\":\"https:\\\/\\\/crosscomar.com\\\/es\\\/?s={search_term_string}\"},\"query-input\":{\"@type\":\"PropertyValueSpecification\",\"valueRequired\":true,\"valueName\":\"search_term_string\"}}],\"inLanguage\":\"es-ES\"},{\"@type\":\"Organization\",\"@id\":\"https:\\\/\\\/crosscomar.com\\\/es\\\/#organization\",\"name\":\"CROSSCOMAR\",\"alternateName\":\"CROSSCOMAR SHIP REPAIR SERVICES\",\"url\":\"https:\\\/\\\/crosscomar.com\\\/es\\\/\",\"logo\":{\"@type\":\"ImageObject\",\"inLanguage\":\"es-ES\",\"@id\":\"https:\\\/\\\/crosscomar.com\\\/es\\\/#\\\/schema\\\/logo\\\/image\\\/\",\"url\":\"https:\\\/\\\/crosscomar.com\\\/wp-content\\\/uploads\\\/crosscomar_logo.jpeg\",\"contentUrl\":\"https:\\\/\\\/crosscomar.com\\\/wp-content\\\/uploads\\\/crosscomar_logo.jpeg\",\"width\":200,\"height\":200,\"caption\":\"CROSSCOMAR\"},\"image\":{\"@id\":\"https:\\\/\\\/crosscomar.com\\\/es\\\/#\\\/schema\\\/logo\\\/image\\\/\"},\"sameAs\":[\"https:\\\/\\\/www.facebook.com\\\/crosscomar\",\"https:\\\/\\\/x.com\\\/crosscomar\",\"https:\\\/\\\/www.youtube.com\\\/gocrosscomar\",\"https:\\\/\\\/es.linkedin.com\\\/company\\\/crosscomar\"]}]}<\/script>\n<!-- \/ Yoast SEO plugin. -->","yoast_head_json":{"title":"Gibraltar - Crosscomar","robots":{"index":"index","follow":"follow","max-snippet":"max-snippet:-1","max-image-preview":"max-image-preview:large","max-video-preview":"max-video-preview:-1"},"canonical":"https:\/\/crosscomar.com\/es\/gibraltar\/","og_locale":"es_ES","og_type":"article","og_title":"Gibraltar - Crosscomar","og_description":"Gracias a esta alianza, podemos ofrecer a nuestros clientes servicios de reparaci\u00f3n naval en Gibraltar, manteniendo la misma calidad, rapidez y compromiso que nos caracterizan.","og_url":"https:\/\/crosscomar.com\/es\/gibraltar\/","og_site_name":"Crosscomar","article_publisher":"https:\/\/www.facebook.com\/crosscomar","article_modified_time":"2025-11-18T11:28:55+00:00","og_image":[{"width":650,"height":366,"url":"https:\/\/crosscomar.com\/wp-content\/uploads\/Linkedin-logo.png","type":"image\/png"}],"twitter_card":"summary_large_image","twitter_site":"@crosscomar","twitter_misc":{"Tiempo de lectura":"6 minutos"},"schema":{"@context":"https:\/\/schema.org","@graph":[{"@type":"WebPage","@id":"https:\/\/crosscomar.com\/es\/gibraltar\/","url":"https:\/\/crosscomar.com\/es\/gibraltar\/","name":"Gibraltar - Crosscomar","isPartOf":{"@id":"https:\/\/crosscomar.com\/es\/#website"},"primaryImageOfPage":{"@id":"https:\/\/crosscomar.com\/es\/gibraltar\/#primaryimage"},"image":{"@id":"https:\/\/crosscomar.com\/es\/gibraltar\/#primaryimage"},"thumbnailUrl":"https:\/\/crosscomar.com\/wp-content\/uploads\/Linkedin-logo-300x169.png","datePublished":"2025-11-18T11:21:24+00:00","dateModified":"2025-11-18T11:28:55+00:00","breadcrumb":{"@id":"https:\/\/crosscomar.com\/es\/gibraltar\/#breadcrumb"},"inLanguage":"es-ES","potentialAction":[{"@type":"ReadAction","target":["https:\/\/crosscomar.com\/es\/gibraltar\/"]}]},{"@type":"ImageObject","inLanguage":"es-ES","@id":"https:\/\/crosscomar.com\/es\/gibraltar\/#primaryimage","url":"https:\/\/crosscomar.com\/wp-content\/uploads\/Linkedin-logo-300x169.png","contentUrl":"https:\/\/crosscomar.com\/wp-content\/uploads\/Linkedin-logo-300x169.png"},{"@type":"BreadcrumbList","@id":"https:\/\/crosscomar.com\/es\/gibraltar\/#breadcrumb","itemListElement":[{"@type":"ListItem","position":1,"name":"Home","item":"https:\/\/crosscomar.com\/es\/"},{"@type":"ListItem","position":2,"name":"Gibraltar"}]},{"@type":"WebSite","@id":"https:\/\/crosscomar.com\/es\/#website","url":"https:\/\/crosscomar.com\/es\/","name":"Crosscomar","description":"Ship Repair &amp; Marine Services in Algeciras - SPAIN","publisher":{"@id":"https:\/\/crosscomar.com\/es\/#organization"},"potentialAction":[{"@type":"SearchAction","target":{"@type":"EntryPoint","urlTemplate":"https:\/\/crosscomar.com\/es\/?s={search_term_string}"},"query-input":{"@type":"PropertyValueSpecification","valueRequired":true,"valueName":"search_term_string"}}],"inLanguage":"es-ES"},{"@type":"Organization","@id":"https:\/\/crosscomar.com\/es\/#organization","name":"CROSSCOMAR","alternateName":"CROSSCOMAR SHIP REPAIR SERVICES","url":"https:\/\/crosscomar.com\/es\/","logo":{"@type":"ImageObject","inLanguage":"es-ES","@id":"https:\/\/crosscomar.com\/es\/#\/schema\/logo\/image\/","url":"https:\/\/crosscomar.com\/wp-content\/uploads\/crosscomar_logo.jpeg","contentUrl":"https:\/\/crosscomar.com\/wp-content\/uploads\/crosscomar_logo.jpeg","width":200,"height":200,"caption":"CROSSCOMAR"},"image":{"@id":"https:\/\/crosscomar.com\/es\/#\/schema\/logo\/image\/"},"sameAs":["https:\/\/www.facebook.com\/crosscomar","https:\/\/x.com\/crosscomar","https:\/\/www.youtube.com\/gocrosscomar","https:\/\/es.linkedin.com\/company\/crosscomar"]}]}},"_links":{"self":[{"href":"https:\/\/crosscomar.com\/es\/wp-json\/wp\/v2\/pages\/49680","targetHints":{"allow":["GET"]}}],"collection":[{"href":"https:\/\/crosscomar.com\/es\/wp-json\/wp\/v2\/pages"}],"about":[{"href":"https:\/\/crosscomar.com\/es\/wp-json\/wp\/v2\/types\/page"}],"author":[{"embeddable":true,"href":"https:\/\/crosscomar.com\/es\/wp-json\/wp\/v2\/users\/1"}],"replies":[{"embeddable":true,"href":"https:\/\/crosscomar.com\/es\/wp-json\/wp\/v2\/comments?post=49680"}],"version-history":[{"count":2,"href":"https:\/\/crosscomar.com\/es\/wp-json\/wp\/v2\/pages\/49680\/revisions"}],"predecessor-version":[{"id":49682,"href":"https:\/\/crosscomar.com\/es\/wp-json\/wp\/v2\/pages\/49680\/revisions\/49682"}],"wp:attachment":[{"href":"https:\/\/crosscomar.com\/es\/wp-json\/wp\/v2\/media?parent=49680"}],"curies":[{"name":"wp","href":"https:\/\/api.w.org\/{rel}","templated":true}]}}